{"id":11459,"date":"2024-09-26T12:16:42","date_gmt":"2024-09-26T10:16:42","guid":{"rendered":"https:\/\/crfacadedesign.com\/accessibility\/"},"modified":"2026-02-25T11:00:03","modified_gmt":"2026-02-25T10:00:03","slug":"accessibility","status":"publish","type":"page","link":"https:\/\/crfacadedesign.com\/en\/accessibility\/","title":{"rendered":"Accessibility"},"content":{"rendered":"<p>[et_pb_section fb_built=&#8221;1&#8243; admin_label=&#8221;Breadcrumbs&#8221; module_id=&#8221;breadcrumbs&#8221; _builder_version=&#8221;4.25.1&#8243; background_color=&#8221;#cccccc&#8221; da_disable_devices=&#8221;off|off|off&#8221; global_module=&#8221;3246&#8243; locked=&#8221;off&#8221; collapsed=&#8221;off&#8221; global_colors_info=&#8221;{}&#8221; da_is_popup=&#8221;off&#8221; da_exit_intent=&#8221;off&#8221; da_has_close=&#8221;on&#8221; da_alt_close=&#8221;off&#8221; da_dark_close=&#8221;off&#8221; da_not_modal=&#8221;on&#8221; da_is_singular=&#8221;off&#8221; da_with_loader=&#8221;off&#8221; da_has_shadow=&#8221;on&#8221;][et_pb_row _builder_version=&#8221;4.25.1&#8243; custom_padding=&#8221;8px||8px||false|false&#8221; global_colors_info=&#8221;{}&#8221;][et_pb_column type=&#8221;4_4&#8243; _builder_version=&#8221;4.16&#8243; global_colors_info=&#8221;{}&#8221;][et_pb_code _builder_version=&#8221;4.16&#8243; locked=&#8221;off&#8221; global_colors_info=&#8221;{}&#8221;]<nav aria-label=\"breadcrumbs\" class=\"rank-math-breadcrumb\"><p><span class=\"last\">Inicio<\/span><\/p><\/nav>[\/et_pb_code][\/et_pb_column][\/et_pb_row][\/et_pb_section][et_pb_section fb_built=&#8221;1&#8243; module_class=&#8221;seccion&#8221; _builder_version=&#8221;4.16&#8243; vertical_offset_tablet=&#8221;0&#8243; horizontal_offset_tablet=&#8221;0&#8243; z_index_tablet=&#8221;0&#8243; da_disable_devices=&#8221;off|off|off&#8221; box_shadow_horizontal_tablet=&#8221;0px&#8221; box_shadow_vertical_tablet=&#8221;0px&#8221; box_shadow_blur_tablet=&#8221;40px&#8221; box_shadow_spread_tablet=&#8221;0px&#8221; global_colors_info=&#8221;{}&#8221; da_is_popup=&#8221;off&#8221; da_exit_intent=&#8221;off&#8221; da_has_close=&#8221;on&#8221; da_alt_close=&#8221;off&#8221; da_dark_close=&#8221;off&#8221; da_not_modal=&#8221;on&#8221; da_is_singular=&#8221;off&#8221; da_with_loader=&#8221;off&#8221; da_has_shadow=&#8221;on&#8221;][et_pb_row _builder_version=&#8221;4.16&#8243; background_size=&#8221;initial&#8221; background_position=&#8221;top_left&#8221; background_repeat=&#8221;repeat&#8221; global_colors_info=&#8221;{}&#8221;][et_pb_column type=&#8221;4_4&#8243; _builder_version=&#8221;4.16&#8243; custom_padding=&#8221;|||&#8221; global_colors_info=&#8221;{}&#8221; custom_padding__hover=&#8221;|||&#8221;][et_pb_post_title meta=&#8221;off&#8221; featured_image=&#8221;off&#8221; module_class=&#8221;titulo-pagina&#8221; _builder_version=&#8221;4.16&#8243; vertical_offset_tablet=&#8221;0&#8243; horizontal_offset_tablet=&#8221;0&#8243; z_index_tablet=&#8221;0&#8243; title_text_shadow_horizontal_length_tablet=&#8221;0px&#8221; title_text_shadow_vertical_length_tablet=&#8221;0px&#8221; title_text_shadow_blur_strength_tablet=&#8221;1px&#8221; meta_text_shadow_horizontal_length_tablet=&#8221;0px&#8221; meta_text_shadow_vertical_length_tablet=&#8221;0px&#8221; meta_text_shadow_blur_strength_tablet=&#8221;1px&#8221; box_shadow_horizontal_tablet=&#8221;0px&#8221; box_shadow_vertical_tablet=&#8221;0px&#8221; box_shadow_blur_tablet=&#8221;40px&#8221; box_shadow_spread_tablet=&#8221;0px&#8221; text_shadow_horizontal_length_tablet=&#8221;0px&#8221; text_shadow_vertical_length_tablet=&#8221;0px&#8221; text_shadow_blur_strength_tablet=&#8221;1px&#8221; global_colors_info=&#8221;{}&#8221;][\/et_pb_post_title][et_pb_text _builder_version=&#8221;4.27.4&#8243; background_size=&#8221;initial&#8221; background_position=&#8221;top_left&#8221; background_repeat=&#8221;repeat&#8221; global_colors_info=&#8221;{}&#8221;]<\/p>\n<h1 class=\"western\"><\/h1>\n<p> <span style=\"font-family: Arial, serif;\">Carlos Romero Cano is committed to making his website accessible in accordance with the<\/span> <a href=\"https:\/\/www.boe.es\/buscar\/act.php?id=BOE-A-2018-12699\" target=\"_blank\" rel=\"noopener\"><span style=\"color: #0563c1;\"><u><span style=\"font-family: Arial, serif;\">Royal Decree 1112\/2018, of 7 September, on the accessibility of public sector websites and mobile applications.<\/span><\/u><\/span><\/a><\/p>\n<p>&nbsp;<\/p>\n<p><span style=\"font-family: Arial, serif;\">This accessibility statement applies to the website https:\/\/crfacadedesign.com\/.<\/span><\/p>\n<p>&nbsp;<\/p>\n<p>&nbsp;<\/p>\n<h2 class=\"western\">COMPLIANCE STATUS<\/h2>\n<p>&nbsp;<\/p>\n<p><span style=\"font-family: Arial, serif;\">This website is<\/span> <span style=\"font-family: Arial, serif;\"><b>partially compliant<\/b><\/span> <span style=\"font-family: Arial, serif;\">with RD 1112\/2018 due to the exceptions and non-compliance of the aspects indicated below.<\/span><\/p>\n<p>&nbsp;<\/p>\n<p>&nbsp;<\/p>\n<h2 class=\"western\">CONTENT NOT AVAILABLE<\/h2>\n<p>&nbsp;<\/p>\n<p><span style=\"font-family: Arial, serif;\">The content below is not accessible for the following reasons:<\/span><\/p>\n<p>&nbsp;<\/p>\n<h3 class=\"western\">Non-compliance with RD 1112\/2018<\/h3>\n<p>&nbsp;<\/p>\n<p><span style=\"font-family: Arial, serif;\">There may be no more than one way to locate a web page within a set of web pages (Requirement number 9.2.4.5 of UNE-EN 301549:2022).<\/span><\/p>\n<p>&nbsp;<\/p>\n<p><span style=\"font-family: Arial, serif;\">There may be names, roles, statuses, properties, and values that cannot be determined by programming (Requirement number 9.4.1.2 of UNE-EN 301549:2022).<\/span><\/p>\n<p>&nbsp;<\/p>\n<h3 class=\"western\">Disproportionate burden<\/h3>\n<p>&nbsp;<\/p>\n<p><span style=\"font-family: Arial, serif;\">Not applicable.<\/span><\/p>\n<p>&nbsp;<\/p>\n<h3 class=\"western\">The content does not fall within the scope of applicable legislation.<\/h3>\n<p>&nbsp;<\/p>\n<p><span style=\"font-family: Arial, serif;\">There may be office files in PDF or other formats published before 20 September 2018 that do not fully comply with all accessibility requirements. However, every effort has been made to ensure that most of them do comply. <\/span><\/p>\n<p>&nbsp;<\/p>\n<p>&nbsp;<\/p>\n<h2 class=\"western\">PREPARATION OF THIS ACCESSIBILITY STATEMENT<\/h2>\n<p>&nbsp;<\/p>\n<p><span style=\"font-family: Arial, serif;\">This statement was prepared on 25\/11\/2025.<\/span><\/p>\n<p>&nbsp;<\/p>\n<p><span style=\"font-family: Arial, serif;\">The method used to prepare the statement was a self-assessment carried out by the entity itself.<\/span><\/p>\n<p>&nbsp;<\/p>\n<p><span style=\"font-family: Arial, serif;\">Last revision of the declaration: 25\/11\/2025.<\/span><\/p>\n<p>&nbsp;<\/p>\n<p>&nbsp;<\/p>\n<h2 class=\"western\">COMMENTS AND CONTACT DETAILS<\/h2>\n<p>&nbsp;<\/p>\n<p><span style=\"font-family: Arial, serif;\">You may send communications regarding accessibility requirements (Article 10.2.a of RD 1112\/2018) to the following email address:<\/span><\/p>\n<p><span style=\"font-family: Arial, serif;\">carlos@crfacadedesign.com<\/span><\/p>\n<p>&nbsp;<\/p>\n<p><span style=\"font-family: Arial, serif;\">For example:<\/span><\/p>\n<ul>\n<li>\n<p><span style=\"font-family: Arial, serif;\">Report any possible breaches by this website.<\/span><\/p>\n<\/li>\n<li>\n<p><span style=\"font-family: Arial, serif;\">Convey other difficulties in accessing content.<\/span><\/p>\n<\/li>\n<li>\n<p><span style=\"font-family: Arial, serif;\">Submit any other queries or suggestions for improvement regarding the accessibility of the website.<\/span><\/p>\n<\/li>\n<\/ul>\n<p>&nbsp;<\/p>\n<p><span style=\"font-family: Arial, serif;\">You can also present:<\/span><\/p>\n<ul>\n<li>\n<p><span style=\"font-family: Arial, serif;\">Complaint regarding compliance with the requirements of RD 1112\/2018<\/span><\/p>\n<\/li>\n<li>\n<p><span style=\"font-family: Arial, serif;\">Request for accessible information regarding:<\/span><\/p>\n<ul>\n<li>\n<p><span style=\"font-family: Arial, serif;\">Content that is excluded from the scope of application of RD 1112\/2018 as established by Article 3, section 4.<\/span><\/p>\n<\/li>\n<li>\n<p><span style=\"font-family: Arial, serif;\">Content that is exempt from compliance with accessibility requirements because it would impose a disproportionate burden.<\/span><\/p>\n<\/li>\n<\/ul>\n<\/li>\n<\/ul>\n<p>&nbsp;<\/p>\n<p><span style=\"font-family: Arial, serif;\">In the Request for Accessible Information, the facts, reasons and request must be clearly specified so that it can be verified that the request is reasonable and legitimate.<\/span><\/p>\n<p>&nbsp;<\/p>\n<p><span style=\"font-family: Arial, serif;\">Complaints and claims regarding accessible information should be sent to the following email address:<\/span><\/p>\n<p><span style=\"font-family: Arial, serif;\">carlos@crfacadedesign.com<\/span><\/p>\n<p>&nbsp;<\/p>\n<p>&nbsp;<\/p>\n<h2 class=\"western\">OPTIONAL CONTENT<\/h2>\n<p>&nbsp;<\/p>\n<p><span style=\"font-family: Arial, serif;\">This website has been designed in accordance with current standards and regulations regarding accessibility, complying with the priority 2 (AA) checkpoints defined in the Web Content Accessibility Guidelines (WCAG 2.1) specification.<\/span><\/p>\n<p>&nbsp;<\/p>\n<p><span style=\"font-family: Arial, serif;\">It is designed for responsive viewing, so that it can be displayed correctly on devices such as tablets and mobile devices.<\/span><\/p>\n<p>&nbsp;<\/p>\n<p><span style=\"font-family: Arial, serif;\">It is also designed to allow the text size to be changed using the menus defined for this purpose in the browser used. <\/span><\/p>\n<p>&nbsp;<\/p>\n<p><span style=\"font-family: Arial, serif;\">It can also be done using the following keyboard shortcuts, pressing both keys at the same time:<\/span><\/p>\n<ul>\n<li>\n<p><span style=\"font-family: Arial, serif;\">Ctrl + : increase it.<\/span><\/p>\n<\/li>\n<li>\n<p><span style=\"font-family: Arial, serif;\">Ctrl &#8211; : decrease it.<\/span><\/p>\n<\/li>\n<li>\n<p><span style=\"font-family: Arial, serif;\">Ctrl 0: restore original size.<\/span><\/p>\n<\/li>\n<\/ul>\n<p>&nbsp;<\/p>\n<p><span style=\"font-family: Arial, serif;\">Del mismo modo, si un usuario no dispone de rat\u00f3n podr\u00e1 moverse por los distintos elementos de la p\u00e1gina que visita a trav\u00e9s del teclado, mediante la tecla de tabulaci\u00f3n.<\/span><\/p>\n<p>[\/et_pb_text][\/et_pb_column][\/et_pb_row][\/et_pb_section]<\/p>\n","protected":false},"excerpt":{"rendered":"<p><nav aria-label=\"breadcrumbs\" class=\"rank-math-breadcrumb\"><p><span class=\"last\">Inicio<\/span><\/p><\/nav> Carlos Romero Cano is committed to making his website accessible in accordance with the Royal Decree 1112\/2018, of 7 September, on the accessibility of public sector websites and mobile applications. &nbsp; This accessibility statement applies to the website https:\/\/crfacadedesign.com\/. &nbsp; &nbsp; COMPLIANCE STATUS &nbsp; This website is partially compliant with RD 1112\/2018 due to [&hellip;]<\/p>\n","protected":false},"author":1,"featured_media":0,"parent":0,"menu_order":0,"comment_status":"closed","ping_status":"closed","template":"","meta":{"_et_pb_use_builder":"on","_et_pb_old_content":"","_et_gb_content_width":"","footnotes":""},"class_list":["post-11459","page","type-page","status-publish","hentry"],"_links":{"self":[{"href":"https:\/\/crfacadedesign.com\/en\/wp-json\/wp\/v2\/pages\/11459","targetHints":{"allow":["GET"]}}],"collection":[{"href":"https:\/\/crfacadedesign.com\/en\/wp-json\/wp\/v2\/pages"}],"about":[{"href":"https:\/\/crfacadedesign.com\/en\/wp-json\/wp\/v2\/types\/page"}],"author":[{"embeddable":true,"href":"https:\/\/crfacadedesign.com\/en\/wp-json\/wp\/v2\/users\/1"}],"replies":[{"embeddable":true,"href":"https:\/\/crfacadedesign.com\/en\/wp-json\/wp\/v2\/comments?post=11459"}],"version-history":[{"count":2,"href":"https:\/\/crfacadedesign.com\/en\/wp-json\/wp\/v2\/pages\/11459\/revisions"}],"predecessor-version":[{"id":11461,"href":"https:\/\/crfacadedesign.com\/en\/wp-json\/wp\/v2\/pages\/11459\/revisions\/11461"}],"wp:attachment":[{"href":"https:\/\/crfacadedesign.com\/en\/wp-json\/wp\/v2\/media?parent=11459"}],"curies":[{"name":"wp","href":"https:\/\/api.w.org\/{rel}","templated":true}]}}